{"id":540,"date":"2018-11-27T09:16:54","date_gmt":"2018-11-27T09:16:54","guid":{"rendered":"https:\/\/paginadestacada.com\/index.php\/home\/"},"modified":"2025-07-06T23:05:00","modified_gmt":"2025-07-06T23:05:00","slug":"home","status":"publish","type":"page","link":"https:\/\/paginadestacada.com\/","title":{"rendered":"HOME"},"content":{"rendered":"\t\t<div data-elementor-type=\"wp-page\" data-elementor-id=\"540\" class=\"elementor elementor-540\">\n\t\t\t\t\t\t<section class=\"elementor-section elementor-top-section elementor-element elementor-element-c50838b elementor-section-boxed elementor-section-height-default elementor-section-height-default\" data-id=\"c50838b\" data-element_type=\"section\" data-settings=\"{&quot;background_background&quot;:&quot;classic&quot;}\">\n\t\t\t\t\t\t\t<div class=\"elementor-background-overlay\"><\/div>\n\t\t\t\t\t\t\t<div class=\"elementor-container elementor-column-gap-default\">\n\t\t\t\t\t<div class=\"elementor-column elementor-col-100 elementor-top-column elementor-element elementor-element-55b0429\" data-id=\"55b0429\" data-element_type=\"column\">\n\t\t\t<div class=\"elementor-widget-wrap elementor-element-populated\">\n\t\t\t\t\t\t<div class=\"elementor-element elementor-element-453e782 elementor-widget__width-initial elementor-widget elementor-widget-heading\" data-id=\"453e782\" data-element_type=\"widget\" data-widget_type=\"heading.default\">\n\t\t\t\t<div class=\"elementor-widget-container\">\n\t\t\t\t\t<h1 class=\"elementor-heading-title elementor-size-xxl\">p\u00e1gina destacada<\/h1>\t\t\t\t<\/div>\n\t\t\t\t<\/div>\n\t\t\t\t<div class=\"elementor-element elementor-element-cd7042b elementor-widget elementor-widget-heading\" data-id=\"cd7042b\" data-element_type=\"widget\" data-widget_type=\"heading.default\">\n\t\t\t\t<div class=\"elementor-widget-container\">\n\t\t\t\t\t<h3 class=\"elementor-heading-title elementor-size-xxl\">Blog<\/h3>\t\t\t\t<\/div>\n\t\t\t\t<\/div>\n\t\t\t\t\t<\/div>\n\t\t<\/div>\n\t\t\t\t\t<\/div>\n\t\t<\/section>\n\t\t\t\t<section class=\"elementor-section elementor-top-section elementor-element elementor-element-01ffef0 elementor-section-boxed elementor-section-height-default elementor-section-height-default\" data-id=\"01ffef0\" data-element_type=\"section\">\n\t\t\t\t\t\t<div class=\"elementor-container elementor-column-gap-default\">\n\t\t\t\t\t<div class=\"elementor-column elementor-col-100 elementor-top-column elementor-element elementor-element-0aa0836\" data-id=\"0aa0836\" data-element_type=\"column\">\n\t\t\t<div class=\"elementor-widget-wrap elementor-element-populated\">\n\t\t\t\t\t\t<div class=\"elementor-element elementor-element-e5e7443 elementor-widget elementor-widget-heading\" data-id=\"e5e7443\" data-element_type=\"widget\" data-widget_type=\"heading.default\">\n\t\t\t\t<div class=\"elementor-widget-container\">\n\t\t\t\t\t<h2 class=\"elementor-heading-title elementor-size-default\">Aritgos recentes<\/h2>\t\t\t\t<\/div>\n\t\t\t\t<\/div>\n\t\t\t\t<div class=\"elementor-element elementor-element-6d6855d elementor-widget elementor-widget-ucaddon_post_blocks\" data-id=\"6d6855d\" data-element_type=\"widget\" data-widget_type=\"ucaddon_post_blocks.default\">\n\t\t\t\t<div class=\"elementor-widget-container\">\n\t\t\t\t\t\n<!-- start Post Blocks -->\n\t\t<link id='font-awesome-css' href='https:\/\/paginadestacada.com\/wp-content\/plugins\/unlimited-elements-for-elementor\/assets_libraries\/font-awesome6\/fontawesome-all.min.css' type='text\/css' rel='stylesheet' >\n\t\t<link id='font-awesome-4-shim-css' href='https:\/\/paginadestacada.com\/wp-content\/plugins\/unlimited-elements-for-elementor\/assets_libraries\/font-awesome6\/fontawesome-v4-shims.min.css' type='text\/css' rel='stylesheet' >\n\n<style>\/* widget: Post Blocks *\/\n\n\n\n#uc_post_blocks_elementor_6d6855d {\n    display:grid;\n}\n#uc_post_blocks_elementor_6d6855d .ue_post_blocks_box\n{\n  overflow:hidden;\n}\n\n#uc_post_blocks_elementor_6d6855d .ue_post_blocks_image\n{\n  overflow:hidden;\n}\n#uc_post_blocks_elementor_6d6855d .ue_post_blocks_image img\n{\n  object-fit: cover;\n  object-position:center center;\n  width:100%;\n  display:block;\n}\n#uc_post_blocks_elementor_6d6855d .ue_post_blocks_link a\n{\n  display:inline-block;\n  text-decoration:none;\n  text-align:center;\n}\n\n #uc_post_blocks_elementor_6d6855d .ue_post_blocks_box img\n{\n  transition:0.5s;\n}\n #uc_post_blocks_elementor_6d6855d .ue_post_blocks_box:hover img\n{\n  transform:scale(1.1,1.1);\n}\n\n\n\n\n#uc_post_blocks_elementor_6d6855d .ue-grid-item-meta-data\n{\n  display:inlin-flex;\n  flex-wrap: wrap;\n}\n\n.ue-grid-item-meta-data\n{\n  font-size:12px;\n}\n\n#uc_post_blocks_elementor_6d6855d .ue-grid-item-meta-data-icon\n{\n  line-height:1em;\n}\n\n#uc_post_blocks_elementor_6d6855d .ue-grid-item-meta-data-icon svg\n{\n  width:1em;\n  height:1em;\n}\n\n\n.ue-grid-item-category a\n{\n  display:inline-block;\n  font-size:10px;\n  text-transform:uppercase;\n}\n\n<\/style>\n\n<div id=\"uc_post_blocks_elementor_6d6855d\" class=\"ue_post_blocks uc-items-wrapper\" >\n    <div class=\"ue_post_blocks_box\">\n    <div class=\"ue_post_blocks_image\">\n    <a href=\"https:\/\/paginadestacada.com\/index.php\/2025\/07\/06\/a-magia-dos-classicos-lendo-david-copperfield-de-charles-dickens\/\" style=\"display:block;\"><img decoding=\"async\" src=\"https:\/\/paginadestacada.com\/wp-content\/uploads\/ac_assets\/uc_article_grid_style_six\/\/no-image.png\" ><\/a>\n  <\/div>\n    <div class=\"ue_post_blocks_content\">\n      \n     \n         \n    <div class=\"ue_post_blocks_title\"><a href=\"https:\/\/paginadestacada.com\/index.php\/2025\/07\/06\/a-magia-dos-classicos-lendo-david-copperfield-de-charles-dickens\/\">A magia dos cl\u00e1ssicos: lendo David Copperfield, de Charles Dickens<\/a><\/div>    \n        \n    \n    <div class=\"ue_post_blocks_text\">Minha leitura do momento tem sido\u00a0David Copperfield, do autor ingl\u00eas Charles Dickens. Este \u00e9 o meu primeiro contato com o aclamado autor e estou completamente apaixonada pela escrita...<\/div>    <div class=\"ue_post_blocks_link\"><a href=\"https:\/\/paginadestacada.com\/index.php\/2025\/07\/06\/a-magia-dos-classicos-lendo-david-copperfield-de-charles-dickens\/\" class=\"\">Leia mais<\/a><\/div>  <\/div>\n<\/div>\n<div class=\"ue_post_blocks_box\">\n    <div class=\"ue_post_blocks_image\">\n    <a href=\"https:\/\/paginadestacada.com\/index.php\/2024\/11\/25\/descubra-o-prazer-de-ler-em-companhia-a-magia-de-participar-de-um-clube-do-livro\/\" style=\"display:block;\"><img decoding=\"async\" src=\"https:\/\/paginadestacada.com\/wp-content\/uploads\/2024\/11\/pexels-pixabay-415078-1-768x512.jpg\"  src=\"https:\/\/paginadestacada.com\/wp-content\/uploads\/2024\/11\/pexels-pixabay-415078-1-768x512.jpg\" alt=\"pexels-pixabay-415078-1\" width=\"768\" height=\"512\"><\/a>\n  <\/div>\n    <div class=\"ue_post_blocks_content\">\n      \n     \n         \n    <div class=\"ue_post_blocks_title\"><a href=\"https:\/\/paginadestacada.com\/index.php\/2024\/11\/25\/descubra-o-prazer-de-ler-em-companhia-a-magia-de-participar-de-um-clube-do-livro\/\">Descubra o Prazer de ler em companhia: a magia de participar de um clube do livro<\/a><\/div>    \n        \n    \n    <div class=\"ue_post_blocks_text\">Quem \u00e9 o leitor que nunca amou um livro e quis sair distribuindo ele por a\u00ed? Quem nunca desejou que outras pessoas lessem aquele livro especial para compartilhar experi\u00eancias, sentimentos...<\/div>    <div class=\"ue_post_blocks_link\"><a href=\"https:\/\/paginadestacada.com\/index.php\/2024\/11\/25\/descubra-o-prazer-de-ler-em-companhia-a-magia-de-participar-de-um-clube-do-livro\/\" class=\"\">Leia mais<\/a><\/div>  <\/div>\n<\/div>\n<div class=\"ue_post_blocks_box\">\n    <div class=\"ue_post_blocks_image\">\n    <a href=\"https:\/\/paginadestacada.com\/index.php\/2023\/03\/27\/my-61-best-tips-to-make-you-the-worlds-savviest-traveler\/\" style=\"display:block;\"><img decoding=\"async\" src=\"https:\/\/paginadestacada.com\/wp-content\/uploads\/2023\/03\/WhatsApp-Image-2024-02-27-at-15.32.53-768x606.jpeg\"  src=\"https:\/\/paginadestacada.com\/wp-content\/uploads\/2023\/03\/WhatsApp-Image-2024-02-27-at-15.32.53-768x606.jpeg\" alt=\"WhatsApp Image 2024-02-27 at 15.32\" width=\"768\" height=\"606\"><\/a>\n  <\/div>\n    <div class=\"ue_post_blocks_content\">\n      \n     \n         \n    <div class=\"ue_post_blocks_title\"><a href=\"https:\/\/paginadestacada.com\/index.php\/2023\/03\/27\/my-61-best-tips-to-make-you-the-worlds-savviest-traveler\/\">Resenha do Livro - Todos os Santos Malditos (Meggie Stiefvater)<\/a><\/div>    \n        \n    \n    <div class=\"ue_post_blocks_text\">\u201c-Imagine\u2026 voc\u00ea tem uma mente atormentada &#8211; disse Diablo Diablo, a voz dram\u00e1tica. &#8211; Voc\u00ea barganha com a tristeza, ou luta com a dor, ou come arrog\u00e2ncia todas as manh\u00e3s com...<\/div>    <div class=\"ue_post_blocks_link\"><a href=\"https:\/\/paginadestacada.com\/index.php\/2023\/03\/27\/my-61-best-tips-to-make-you-the-worlds-savviest-traveler\/\" class=\"\">Leia mais<\/a><\/div>  <\/div>\n<\/div>\n<div class=\"ue_post_blocks_box\">\n    <div class=\"ue_post_blocks_image\">\n    <a href=\"https:\/\/paginadestacada.com\/index.php\/2023\/03\/27\/heres-everything-you-need-to-travel-the-world-in-3-easy-steps\/\" style=\"display:block;\"><img loading=\"lazy\" decoding=\"async\" src=\"https:\/\/paginadestacada.com\/wp-content\/uploads\/2023\/03\/pexels-sumit-mathur-2099691-768x500.jpg\"  src=\"https:\/\/paginadestacada.com\/wp-content\/uploads\/2023\/03\/pexels-sumit-mathur-2099691-768x500.jpg\" alt=\"pexels-sumit-mathur-2099691\" width=\"768\" height=\"500\"><\/a>\n  <\/div>\n    <div class=\"ue_post_blocks_content\">\n      \n     \n         \n    <div class=\"ue_post_blocks_title\"><a href=\"https:\/\/paginadestacada.com\/index.php\/2023\/03\/27\/heres-everything-you-need-to-travel-the-world-in-3-easy-steps\/\">Resenha do livro - O Sol \u00e9 Para Todos (Harper Lee)<\/a><\/div>    \n        \n    \n    <div class=\"ue_post_blocks_text\">&#8220;O SOL \u00c9 PARA TODOS&#8221; foi o primeiro livro que eu li no Kindle. Fiz um teste gr\u00e1tis da assinatura do Kindle Unlimited para ver se os t\u00edtulos oferecidos eram bons e me interessei...<\/div>    <div class=\"ue_post_blocks_link\"><a href=\"https:\/\/paginadestacada.com\/index.php\/2023\/03\/27\/heres-everything-you-need-to-travel-the-world-in-3-easy-steps\/\" class=\"\">Leia mais<\/a><\/div>  <\/div>\n<\/div>\n<div class=\"ue_post_blocks_box\">\n    <div class=\"ue_post_blocks_image\">\n    <a href=\"https:\/\/paginadestacada.com\/index.php\/2023\/03\/27\/europe-im-gonna-miss-you-my-6-favorite-hidden-gems-in-europe\/\" style=\"display:block;\"><img loading=\"lazy\" decoding=\"async\" src=\"https:\/\/paginadestacada.com\/wp-content\/uploads\/2023\/03\/pexels-yaroslav-shuraev-5608541-768x1152.jpg\"  src=\"https:\/\/paginadestacada.com\/wp-content\/uploads\/2023\/03\/pexels-yaroslav-shuraev-5608541-768x1152.jpg\" alt=\"pexels-yaroslav-shuraev-5608541\" width=\"768\" height=\"1152\"><\/a>\n  <\/div>\n    <div class=\"ue_post_blocks_content\">\n      \n     \n         \n    <div class=\"ue_post_blocks_title\"><a href=\"https:\/\/paginadestacada.com\/index.php\/2023\/03\/27\/europe-im-gonna-miss-you-my-6-favorite-hidden-gems-in-europe\/\">Leitura Compartilhada<\/a><\/div>    \n        \n    \n    <div class=\"ue_post_blocks_text\">Uma das coisas que eu mais gosto \u00e9 poder compartilhar com outras pessoas sobre livros em comum, sobre autores e ideias relacionadas \u00e0 leitura. Uma das formas que eu encontrei de tornar...<\/div>    <div class=\"ue_post_blocks_link\"><a href=\"https:\/\/paginadestacada.com\/index.php\/2023\/03\/27\/europe-im-gonna-miss-you-my-6-favorite-hidden-gems-in-europe\/\" class=\"\">Leia mais<\/a><\/div>  <\/div>\n<\/div>\n<div class=\"ue_post_blocks_box\">\n    <div class=\"ue_post_blocks_image\">\n    <a href=\"https:\/\/paginadestacada.com\/index.php\/2023\/03\/27\/travel-blogging-for-beginners-in-7-easy-steps\/\" style=\"display:block;\"><img loading=\"lazy\" decoding=\"async\" src=\"https:\/\/paginadestacada.com\/wp-content\/uploads\/2023\/03\/pexels-lucia-barreiros-silva-12878556-768x496.jpg\"  src=\"https:\/\/paginadestacada.com\/wp-content\/uploads\/2023\/03\/pexels-lucia-barreiros-silva-12878556-768x496.jpg\" alt=\"pexels-lucia-barreiros-silva-12878556\" width=\"768\" height=\"496\"><\/a>\n  <\/div>\n    <div class=\"ue_post_blocks_content\">\n      \n     \n         \n    <div class=\"ue_post_blocks_title\"><a href=\"https:\/\/paginadestacada.com\/index.php\/2023\/03\/27\/travel-blogging-for-beginners-in-7-easy-steps\/\">Resenha do livro - A Ladeira da Saudade (Ganymedes Jos\u00e9)<\/a><\/div>    \n        \n    \n    <div class=\"ue_post_blocks_text\">&#8220;Este livro \u00e9 para todos os jovens &#8211; de corpo ou de esp\u00edrito &#8211; que ainda acreditam que o romantismo \u00e9 a maior riqueza da alma.&#8221; Ganym\u00e9des Jos\u00e9 foi um autor brasileiro,...<\/div>    <div class=\"ue_post_blocks_link\"><a href=\"https:\/\/paginadestacada.com\/index.php\/2023\/03\/27\/travel-blogging-for-beginners-in-7-easy-steps\/\" class=\"\">Leia mais<\/a><\/div>  <\/div>\n<\/div>\n\n<\/div>\n<!-- end Post Blocks -->\t\t\t\t<\/div>\n\t\t\t\t<\/div>\n\t\t\t\t\t<\/div>\n\t\t<\/div>\n\t\t\t\t\t<\/div>\n\t\t<\/section>\n\t\t\t\t<section class=\"elementor-section elementor-top-section elementor-element elementor-element-51af88c elementor-section-boxed elementor-section-height-default elementor-section-height-default\" data-id=\"51af88c\" data-element_type=\"section\" data-settings=\"{&quot;background_background&quot;:&quot;classic&quot;}\">\n\t\t\t\t\t\t\t<div class=\"elementor-background-overlay\"><\/div>\n\t\t\t\t\t\t\t<div class=\"elementor-container elementor-column-gap-default\">\n\t\t\t\t\t<div class=\"elementor-column elementor-col-100 elementor-top-column elementor-element elementor-element-a9a69dd\" data-id=\"a9a69dd\" data-element_type=\"column\">\n\t\t\t<div class=\"elementor-widget-wrap elementor-element-populated\">\n\t\t\t\t\t\t<div class=\"elementor-element elementor-element-903dcf2 elementor-widget elementor-widget-heading\" data-id=\"903dcf2\" data-element_type=\"widget\" data-widget_type=\"heading.default\">\n\t\t\t\t<div class=\"elementor-widget-container\">\n\t\t\t\t\t<h2 class=\"elementor-heading-title elementor-size-default\">Para descobrir um pouco mais sobre mim<\/h2>\t\t\t\t<\/div>\n\t\t\t\t<\/div>\n\t\t\t\t<div class=\"elementor-element elementor-element-1694eb3 elementor-widget-divider--view-line elementor-widget elementor-widget-divider\" data-id=\"1694eb3\" data-element_type=\"widget\" data-widget_type=\"divider.default\">\n\t\t\t\t<div class=\"elementor-widget-container\">\n\t\t\t\t\t\t\t<div class=\"elementor-divider\">\n\t\t\t<span class=\"elementor-divider-separator\">\n\t\t\t\t\t\t<\/span>\n\t\t<\/div>\n\t\t\t\t\t\t<\/div>\n\t\t\t\t<\/div>\n\t\t\t\t<div class=\"elementor-element elementor-element-c07d6ad elementor-widget elementor-widget-text-editor\" data-id=\"c07d6ad\" data-element_type=\"widget\" data-widget_type=\"text-editor.default\">\n\t\t\t\t<div class=\"elementor-widget-container\">\n\t\t\t\t\t\t\t\t\t<p>Quer me conhecer um pouco mais e saber de onde vem esse amor por livros, chocolates e beb\u00eas?\u00a0<br \/>Vamos descobrir coisas interessantes juntos! =D<\/p>\t\t\t\t\t\t\t\t<\/div>\n\t\t\t\t<\/div>\n\t\t\t\t<div class=\"elementor-element elementor-element-3ab74e6 elementor-align-left elementor-mobile-align-center elementor-widget elementor-widget-button\" data-id=\"3ab74e6\" data-element_type=\"widget\" data-widget_type=\"button.default\">\n\t\t\t\t<div class=\"elementor-widget-container\">\n\t\t\t\t\t\t\t\t\t<div class=\"elementor-button-wrapper\">\n\t\t\t\t\t<a class=\"elementor-button elementor-button-link elementor-size-sm\" href=\"https:\/\/paginadestacada.com\/index.php\/about\/\">\n\t\t\t\t\t\t<span class=\"elementor-button-content-wrapper\">\n\t\t\t\t\t\t<span class=\"elementor-button-icon\">\n\t\t\t\t\t\t\t<\/span>\n\t\t\t\t\t\t\t\t\t<span class=\"elementor-button-text\">Sobre mim<\/span>\n\t\t\t\t\t<\/span>\n\t\t\t\t\t<\/a>\n\t\t\t\t<\/div>\n\t\t\t\t\t\t\t\t<\/div>\n\t\t\t\t<\/div>\n\t\t\t\t\t<\/div>\n\t\t<\/div>\n\t\t\t\t\t<\/div>\n\t\t<\/section>\n\t\t\t\t<section class=\"elementor-section elementor-top-section elementor-element elementor-element-c604d49 elementor-section-boxed elementor-section-height-default elementor-section-height-default\" data-id=\"c604d49\" data-element_type=\"section\">\n\t\t\t\t\t\t<div class=\"elementor-container elementor-column-gap-default\">\n\t\t\t\t\t<div class=\"elementor-column elementor-col-33 elementor-top-column elementor-element elementor-element-db54639\" data-id=\"db54639\" data-element_type=\"column\">\n\t\t\t<div class=\"elementor-widget-wrap elementor-element-populated\">\n\t\t\t\t\t\t<div class=\"elementor-element elementor-element-fb8d721 elementor-widget elementor-widget-heading\" data-id=\"fb8d721\" data-element_type=\"widget\" data-widget_type=\"heading.default\">\n\t\t\t\t<div class=\"elementor-widget-container\">\n\t\t\t\t\t<h2 class=\"elementor-heading-title elementor-size-default\">tem algum pedido ou sugest\u00e3o?<\/h2>\t\t\t\t<\/div>\n\t\t\t\t<\/div>\n\t\t\t\t<div class=\"elementor-element elementor-element-a271134 elementor-widget-divider--view-line elementor-widget elementor-widget-divider\" data-id=\"a271134\" data-element_type=\"widget\" data-widget_type=\"divider.default\">\n\t\t\t\t<div class=\"elementor-widget-container\">\n\t\t\t\t\t\t\t<div class=\"elementor-divider\">\n\t\t\t<span class=\"elementor-divider-separator\">\n\t\t\t\t\t\t<\/span>\n\t\t<\/div>\n\t\t\t\t\t\t<\/div>\n\t\t\t\t<\/div>\n\t\t\t\t<div class=\"elementor-element elementor-element-38df08c elementor-widget elementor-widget-text-editor\" data-id=\"38df08c\" data-element_type=\"widget\" data-widget_type=\"text-editor.default\">\n\t\t\t\t<div class=\"elementor-widget-container\">\n\t\t\t\t\t\t\t\t\t<p>Gostaria de saber sobre algum livro, dar uma sugest\u00e3o, sugerir uma leitura, tirar alguma d\u00favida sobre alguma das postagens, ou de algo que n\u00e3o est\u00e1 nas postagens, mas voc\u00ea tem curiosidade?&nbsp;<\/p>\n<p>Me pergunte aqui&nbsp; \u2193&nbsp; que logo envio uma resposta!<\/p>\t\t\t\t\t\t\t\t<\/div>\n\t\t\t\t<\/div>\n\t\t\t\t<div class=\"elementor-element elementor-element-54edfaa elementor-align-left elementor-mobile-align-center elementor-tablet-align-center elementor-widget elementor-widget-button\" data-id=\"54edfaa\" data-element_type=\"widget\" data-widget_type=\"button.default\">\n\t\t\t\t<div class=\"elementor-widget-container\">\n\t\t\t\t\t\t\t\t\t<div class=\"elementor-button-wrapper\">\n\t\t\t\t\t<a class=\"elementor-button elementor-button-link elementor-size-xs\" href=\"https:\/\/paginadestacada.com\/index.php\/contact\/\">\n\t\t\t\t\t\t<span class=\"elementor-button-content-wrapper\">\n\t\t\t\t\t\t<span class=\"elementor-button-icon\">\n\t\t\t\t\t\t\t<\/span>\n\t\t\t\t\t\t\t\t\t<span class=\"elementor-button-text\">Entre em contato<\/span>\n\t\t\t\t\t<\/span>\n\t\t\t\t\t<\/a>\n\t\t\t\t<\/div>\n\t\t\t\t\t\t\t\t<\/div>\n\t\t\t\t<\/div>\n\t\t\t\t\t<\/div>\n\t\t<\/div>\n\t\t\t\t<div class=\"elementor-column elementor-col-33 elementor-top-column elementor-element elementor-element-0e0426c\" data-id=\"0e0426c\" data-element_type=\"column\">\n\t\t\t<div class=\"elementor-widget-wrap elementor-element-populated\">\n\t\t\t\t\t\t<div class=\"elementor-element elementor-element-b7c6863 elementor-widget elementor-widget-image\" data-id=\"b7c6863\" data-element_type=\"widget\" data-widget_type=\"image.default\">\n\t\t\t\t<div class=\"elementor-widget-container\">\n\t\t\t\t\t\t\t\t\t\t\t\t\t\t\t<img loading=\"lazy\" decoding=\"async\" width=\"1707\" height=\"2560\" src=\"https:\/\/paginadestacada.com\/wp-content\/uploads\/2023\/04\/pexels-george-milton-7034219-scaled.jpg\" class=\"attachment-full size-full wp-image-688\" alt=\"\" srcset=\"https:\/\/paginadestacada.com\/wp-content\/uploads\/2023\/04\/pexels-george-milton-7034219-scaled.jpg 1707w, https:\/\/paginadestacada.com\/wp-content\/uploads\/2023\/04\/pexels-george-milton-7034219-200x300.jpg 200w, https:\/\/paginadestacada.com\/wp-content\/uploads\/2023\/04\/pexels-george-milton-7034219-683x1024.jpg 683w, https:\/\/paginadestacada.com\/wp-content\/uploads\/2023\/04\/pexels-george-milton-7034219-768x1152.jpg 768w, https:\/\/paginadestacada.com\/wp-content\/uploads\/2023\/04\/pexels-george-milton-7034219-1024x1536.jpg 1024w, https:\/\/paginadestacada.com\/wp-content\/uploads\/2023\/04\/pexels-george-milton-7034219-1365x2048.jpg 1365w\" sizes=\"(max-width: 1707px) 100vw, 1707px\" \/>\t\t\t\t\t\t\t\t\t\t\t\t\t\t\t<\/div>\n\t\t\t\t<\/div>\n\t\t\t\t\t<\/div>\n\t\t<\/div>\n\t\t\t\t<div class=\"elementor-column elementor-col-33 elementor-top-column elementor-element elementor-element-3b90556\" data-id=\"3b90556\" data-element_type=\"column\">\n\t\t\t<div class=\"elementor-widget-wrap elementor-element-populated\">\n\t\t\t\t\t\t<div class=\"elementor-element elementor-element-dc7d86f elementor-widget elementor-widget-image\" data-id=\"dc7d86f\" data-element_type=\"widget\" data-widget_type=\"image.default\">\n\t\t\t\t<div class=\"elementor-widget-container\">\n\t\t\t\t\t\t\t\t\t\t\t\t\t\t\t<img loading=\"lazy\" decoding=\"async\" width=\"1920\" height=\"1280\" src=\"https:\/\/paginadestacada.com\/wp-content\/uploads\/2023\/04\/pexels-perfecto-capucine-1329571.jpg\" class=\"attachment-full size-full wp-image-692\" alt=\"\" srcset=\"https:\/\/paginadestacada.com\/wp-content\/uploads\/2023\/04\/pexels-perfecto-capucine-1329571.jpg 1920w, https:\/\/paginadestacada.com\/wp-content\/uploads\/2023\/04\/pexels-perfecto-capucine-1329571-300x200.jpg 300w, https:\/\/paginadestacada.com\/wp-content\/uploads\/2023\/04\/pexels-perfecto-capucine-1329571-1024x683.jpg 1024w, https:\/\/paginadestacada.com\/wp-content\/uploads\/2023\/04\/pexels-perfecto-capucine-1329571-768x512.jpg 768w, https:\/\/paginadestacada.com\/wp-content\/uploads\/2023\/04\/pexels-perfecto-capucine-1329571-1536x1024.jpg 1536w\" sizes=\"(max-width: 1920px) 100vw, 1920px\" \/>\t\t\t\t\t\t\t\t\t\t\t\t\t\t\t<\/div>\n\t\t\t\t<\/div>\n\t\t\t\t\t<\/div>\n\t\t<\/div>\n\t\t\t\t\t<\/div>\n\t\t<\/section>\n\t\t\t\t<\/div>\n\t\t","protected":false},"excerpt":{"rendered":"<p>p\u00e1gina destacada Blog Aritgos recentes The Ultimate Guide to Traveling When You Have No Money If you\u2019ve ever felt like the world is too big, too confusing or just downright overwhelming to tackle on your own, then this blog post is for you. I know what it feels like when it&#8230; Leia mais My 61 [&hellip;]<\/p>\n","protected":false},"author":2,"featured_media":0,"parent":0,"menu_order":0,"comment_status":"closed","ping_status":"closed","template":"","meta":{"site-sidebar-layout":"no-sidebar","site-content-layout":"page-builder","ast-site-content-layout":"default","site-content-style":"default","site-sidebar-style":"default","ast-global-header-display":"","ast-banner-title-visibility":"","ast-main-header-display":"","ast-hfb-above-header-display":"","ast-hfb-below-header-display":"","ast-hfb-mobile-header-display":"","site-post-title":"disabled","ast-breadcrumbs-content":"","ast-featured-img":"disabled","footer-sml-layout":"","theme-transparent-header-meta":"enabled","adv-header-id-meta":"","stick-header-meta":"","header-above-stick-meta":"","header-main-stick-meta":"","header-below-stick-meta":"","astra-migrate-meta-layouts":"default","ast-page-background-enabled":"default","ast-page-background-meta":{"desktop":{"background-color":"","background-image":"","background-repeat":"repeat","background-position":"center center","background-size":"auto","background-attachment":"scroll","background-type":"","background-media":"","overlay-type":"","overlay-color":"","overlay-opacity":"","overlay-gradient":""},"tablet":{"background-color":"","background-image":"","background-repeat":"repeat","background-position":"center center","background-size":"auto","background-attachment":"scroll","background-type":"","background-media":"","overlay-type":"","overlay-color":"","overlay-opacity":"","overlay-gradient":""},"mobile":{"background-color":"","background-image":"","background-repeat":"repeat","background-position":"center center","background-size":"auto","background-attachment":"scroll","background-type":"","background-media":"","overlay-type":"","overlay-color":"","overlay-opacity":"","overlay-gradient":""}},"ast-content-background-meta":{"desktop":{"background-color":"var(--ast-global-color-5)","background-image":"","background-repeat":"repeat","background-position":"center center","background-size":"auto","background-attachment":"scroll","background-type":"","background-media":"","overlay-type":"","overlay-color":"","overlay-opacity":"","overlay-gradient":""},"tablet":{"background-color":"var(--ast-global-color-5)","background-image":"","background-repeat":"repeat","background-position":"center center","background-size":"auto","background-attachment":"scroll","background-type":"","background-media":"","overlay-type":"","overlay-color":"","overlay-opacity":"","overlay-gradient":""},"mobile":{"background-color":"var(--ast-global-color-5)","background-image":"","background-repeat":"repeat","background-position":"center center","background-size":"auto","background-attachment":"scroll","background-type":"","background-media":"","overlay-type":"","overlay-color":"","overlay-opacity":"","overlay-gradient":""}},"footnotes":""},"class_list":["post-540","page","type-page","status-publish","hentry"],"_links":{"self":[{"href":"https:\/\/paginadestacada.com\/index.php\/wp-json\/wp\/v2\/pages\/540","targetHints":{"allow":["GET"]}}],"collection":[{"href":"https:\/\/paginadestacada.com\/index.php\/wp-json\/wp\/v2\/pages"}],"about":[{"href":"https:\/\/paginadestacada.com\/index.php\/wp-json\/wp\/v2\/types\/page"}],"author":[{"embeddable":true,"href":"https:\/\/paginadestacada.com\/index.php\/wp-json\/wp\/v2\/users\/2"}],"replies":[{"embeddable":true,"href":"https:\/\/paginadestacada.com\/index.php\/wp-json\/wp\/v2\/comments?post=540"}],"version-history":[{"count":59,"href":"https:\/\/paginadestacada.com\/index.php\/wp-json\/wp\/v2\/pages\/540\/revisions"}],"predecessor-version":[{"id":855,"href":"https:\/\/paginadestacada.com\/index.php\/wp-json\/wp\/v2\/pages\/540\/revisions\/855"}],"wp:attachment":[{"href":"https:\/\/paginadestacada.com\/index.php\/wp-json\/wp\/v2\/media?parent=540"}],"curies":[{"name":"wp","href":"https:\/\/api.w.org\/{rel}","templated":true}]}}