{"id":583,"date":"2023-03-27T19:35:36","date_gmt":"2023-03-27T19:35:36","guid":{"rendered":"https:\/\/paginadestacada.com\/?page_id=583"},"modified":"2025-07-06T23:04:47","modified_gmt":"2025-07-06T23:04:47","slug":"blog","status":"publish","type":"page","link":"https:\/\/paginadestacada.com\/index.php\/blog\/","title":{"rendered":"BLOG"},"content":{"rendered":"\t\t<div data-elementor-type=\"wp-page\" data-elementor-id=\"583\" class=\"elementor elementor-583\">\n\t\t\t\t\t\t<section class=\"elementor-section elementor-top-section elementor-element elementor-element-0b6f4c0 elementor-section-boxed elementor-section-height-default elementor-section-height-default\" data-id=\"0b6f4c0\" data-element_type=\"section\" data-settings=\"{&quot;background_background&quot;:&quot;classic&quot;}\">\n\t\t\t\t\t\t\t<div class=\"elementor-background-overlay\"><\/div>\n\t\t\t\t\t\t\t<div class=\"elementor-container elementor-column-gap-default\">\n\t\t\t\t\t<div class=\"elementor-column elementor-col-100 elementor-top-column elementor-element elementor-element-ecf8deb\" data-id=\"ecf8deb\" data-element_type=\"column\">\n\t\t\t<div class=\"elementor-widget-wrap elementor-element-populated\">\n\t\t\t\t\t\t<div class=\"elementor-element elementor-element-12b6cbe elementor-widget elementor-widget-heading\" data-id=\"12b6cbe\" data-element_type=\"widget\" data-widget_type=\"heading.default\">\n\t\t\t\t<div class=\"elementor-widget-container\">\n\t\t\t\t\t<h1 class=\"elementor-heading-title elementor-size-xxl\">postagens recentes<\/h1>\t\t\t\t<\/div>\n\t\t\t\t<\/div>\n\t\t\t\t\t<\/div>\n\t\t<\/div>\n\t\t\t\t\t<\/div>\n\t\t<\/section>\n\t\t\t\t<section class=\"elementor-section elementor-top-section elementor-element elementor-element-ee127c0 elementor-section-boxed elementor-section-height-default elementor-section-height-default\" data-id=\"ee127c0\" data-element_type=\"section\">\n\t\t\t\t\t\t<div class=\"elementor-container elementor-column-gap-default\">\n\t\t\t\t\t<div class=\"elementor-column elementor-col-100 elementor-top-column elementor-element elementor-element-dd66b4b\" data-id=\"dd66b4b\" data-element_type=\"column\">\n\t\t\t<div class=\"elementor-widget-wrap elementor-element-populated\">\n\t\t\t\t\t\t<div class=\"elementor-element elementor-element-900314f elementor-widget elementor-widget-ucaddon_post_list\" data-id=\"900314f\" data-element_type=\"widget\" data-widget_type=\"ucaddon_post_list.default\">\n\t\t\t\t<div class=\"elementor-widget-container\">\n\t\t\t\t\t\n<!-- start Post List -->\n\t\t<link id='font-awesome-css' href='https:\/\/paginadestacada.com\/wp-content\/plugins\/unlimited-elements-for-elementor\/assets_libraries\/font-awesome6\/fontawesome-all.min.css' type='text\/css' rel='stylesheet' >\n\t\t<link id='font-awesome-4-shim-css' href='https:\/\/paginadestacada.com\/wp-content\/plugins\/unlimited-elements-for-elementor\/assets_libraries\/font-awesome6\/fontawesome-v4-shims.min.css' type='text\/css' rel='stylesheet' >\n\n<style>\/* widget: Post List *\/\n\n\n\n#uc_post_list_elementor_900314f\n{\n  display:grid;\n}\n\n\n#uc_post_list_elementor_900314f .uc_post_list_image div\n{\n  background-size:cover;\n  background-position:center;\n}\n\n\n.uc_post_list .uc_post_list_box{\n\tposition: relative;\n\toverflow: hidden;\n\tdisplay: flex;\n}\n\n#uc_post_list_elementor_900314f .uc_post_list_image\n{\n  flex-grow:0;\n  flex-shrink:0;\n}\n\n#uc_post_list_elementor_900314f .uc_post_list_image img\n{\n  width:100%;\n  display:block;\n  transition:0.3s;\n  \n}\n\n\n.uc_post_list_title a{\n\tcolor: #333333;\n}\n.uc_post_list_date{\n\tfont-size: 12px;\n}\n\n#uc_post_list_elementor_900314f .uc_post_list_content\n{\n  display:flex;\n  flex-direction:column;\n  flex:1;\n}\n\n#uc_post_list_elementor_900314f .uc_more_btn{\n\n  text-align:center;\n  text-decoration:none;\n  transition:0.3s;\n}\n\n#uc_post_list_elementor_900314f .button-on-side\n{\n  display:flex;\n  align-items:center;\n}\n\n\n.ue-grid-item-category a\n{\n  display:inline-block;\n  font-size:10px;\n  text-transform:uppercase;\n}\n\n#uc_post_list_elementor_900314f .ue-meta-data\n{\n  \n  display:flex;\n\n  flex-wrap: wrap;\n  line-height:1em;\n}\n\n#uc_post_list_elementor_900314f .ue-grid-item-meta-data\n{\n      display:inline-flex;\n      align-items:center;\n}\n\n.ue-grid-item-meta-data\n{\n  font-size:12px;\n}\n\n#uc_post_list_elementor_900314f .ue-grid-item-meta-data-icon\n{\n  line-height:1em;\n}\n\n#uc_post_list_elementor_900314f .ue-grid-item-meta-data-icon svg\n{\n  width:1em;\n  height:1em;\n}\n\n\n\n#uc_post_list_elementor_900314f .ue-debug-meta\n{\n  padding:10px;\n  border:1px solid red;\n  position:relative;\n  line-height:1.5em;\n  font-size:11px;\n  width:100%;\n}\n\n.uc-remote-parent .uc_post_list_box{\n\tcursor:pointer;\n}\n\n#uc_post_list_elementor_900314f .ue-post-link-overlay\n{\n  display:block;\n  position:absolute;\n  top:0;\n  bottom:0;\n  right:0;\n  left:0;\n}\n\n<\/style>\n\n<div class=\"uc_post_list uc-items-wrapper uc-filterable-grid \" id=\"uc_post_list_elementor_900314f\"  data-ajax='true'  data-filterbehave='ajax'  querydata='{&quot;count_posts&quot;:4,&quot;total_posts&quot;:8,&quot;page&quot;:1,&quot;num_pages&quot;:2}' >    \t\n  <div class=\"uc_post_list_box\">\n    \n  \t    <div class=\"uc_post_list_image\">\n      <a href=\"https:\/\/paginadestacada.com\/index.php\/2025\/07\/06\/a-magia-dos-classicos-lendo-david-copperfield-de-charles-dickens\/\" title=\"A magia dos cl\u00e1ssicos: lendo David Copperfield, de Charles Dickens\" target=\"_self\">\n                     <img decoding=\"async\" src=\"https:\/\/paginadestacada.com\/wp-content\/uploads\/ac_assets\/uc_post_list\/\/placeholder.jpeg\">\n        \t\n        \n      <\/a>\n    <\/div>\n  \t\t\n  \n    <div class=\"uc_post_list_content\">\n      <div class=\"uc_post_list_content_inside\">\n        \n                        \n         <div class=\"uc_post_list_title\"><a target=\"_self\" href=\"https:\/\/paginadestacada.com\/index.php\/2025\/07\/06\/a-magia-dos-classicos-lendo-david-copperfield-de-charles-dickens\/\" title=\"A magia dos cl\u00e1ssicos: lendo David Copperfield, de Charles Dickens\">A magia dos cl\u00e1ssicos: lendo David Copperfield, de Charles Dickens<\/a><\/div>\t\n         \n        <div class=\"ue-meta-data\">\n            <div class=\"ue-grid-item-meta-data\"><span class=\"ue-grid-item-meta-data-icon\"><i class='fas fa-calendar-week'><\/i><\/span>  July 6, 2025<\/div>                                   \n            \n          \n                        \n            \n                        \n                        \n            \n              \n          <\/div>         \n                \n         <div class=\"uc_post_content\">Minha leitura do momento tem sido\u00a0David Copperfield, do autor ingl\u00eas Charles Dickens. Este \u00e9 o meu primeiro contato com o aclamado autor e estou completamente apaixonada pela escrita dele. Ainda me restam...<\/div>        \n                 \n      <\/div>\n    <\/div>\n     \n       \n  \n   <\/div>\n<div class=\"uc_post_list_box\">\n    \n  \t    <div class=\"uc_post_list_image\">\n      <a href=\"https:\/\/paginadestacada.com\/index.php\/2024\/11\/25\/descubra-o-prazer-de-ler-em-companhia-a-magia-de-participar-de-um-clube-do-livro\/\" title=\"Descubra o Prazer de ler em companhia: a magia de participar de um clube do livro\" target=\"_self\">\n          \n            <img decoding=\"async\" src=\"https:\/\/paginadestacada.com\/wp-content\/uploads\/2024\/11\/pexels-pixabay-415078-1-768x512.jpg\"  src=\"https:\/\/paginadestacada.com\/wp-content\/uploads\/2024\/11\/pexels-pixabay-415078-1-768x512.jpg\" alt=\"pexels-pixabay-415078-1\" width=\"768\" height=\"512\">\n        \t\n        \n      <\/a>\n    <\/div>\n  \t\t\n  \n    <div class=\"uc_post_list_content\">\n      <div class=\"uc_post_list_content_inside\">\n        \n                        \n         <div class=\"uc_post_list_title\"><a target=\"_self\" href=\"https:\/\/paginadestacada.com\/index.php\/2024\/11\/25\/descubra-o-prazer-de-ler-em-companhia-a-magia-de-participar-de-um-clube-do-livro\/\" title=\"Descubra o Prazer de ler em companhia: a magia de participar de um clube do livro\">Descubra o Prazer de ler em companhia: a magia de participar de um clube do livro<\/a><\/div>\t\n         \n        <div class=\"ue-meta-data\">\n            <div class=\"ue-grid-item-meta-data\"><span class=\"ue-grid-item-meta-data-icon\"><i class='fas fa-calendar-week'><\/i><\/span>  November 25, 2024<\/div>                                   \n            \n          \n                        \n            \n                        \n                        \n            \n              \n          <\/div>         \n                \n         <div class=\"uc_post_content\">Quem \u00e9 o leitor que nunca amou um livro e quis sair distribuindo ele por a\u00ed? Quem nunca desejou que outras pessoas lessem aquele livro especial para compartilhar experi\u00eancias, sentimentos e percep\u00e7\u00f5es?...<\/div>        \n                 \n      <\/div>\n    <\/div>\n     \n       \n  \n   <\/div>\n<div class=\"uc_post_list_box\">\n    \n  \t    <div class=\"uc_post_list_image\">\n      <a href=\"https:\/\/paginadestacada.com\/index.php\/2023\/03\/27\/my-61-best-tips-to-make-you-the-worlds-savviest-traveler\/\" title=\"Resenha do Livro - Todos os Santos Malditos (Meggie Stiefvater)\" target=\"_self\">\n          \n            <img decoding=\"async\" src=\"https:\/\/paginadestacada.com\/wp-content\/uploads\/2023\/03\/WhatsApp-Image-2024-02-27-at-15.32.53-768x606.jpeg\"  src=\"https:\/\/paginadestacada.com\/wp-content\/uploads\/2023\/03\/WhatsApp-Image-2024-02-27-at-15.32.53-768x606.jpeg\" alt=\"WhatsApp Image 2024-02-27 at 15.32\" width=\"768\" height=\"606\">\n        \t\n        \n      <\/a>\n    <\/div>\n  \t\t\n  \n    <div class=\"uc_post_list_content\">\n      <div class=\"uc_post_list_content_inside\">\n        \n                        \n         <div class=\"uc_post_list_title\"><a target=\"_self\" href=\"https:\/\/paginadestacada.com\/index.php\/2023\/03\/27\/my-61-best-tips-to-make-you-the-worlds-savviest-traveler\/\" title=\"Resenha do Livro - Todos os Santos Malditos (Meggie Stiefvater)\">Resenha do Livro - Todos os Santos Malditos (Meggie Stiefvater)<\/a><\/div>\t\n         \n        <div class=\"ue-meta-data\">\n            <div class=\"ue-grid-item-meta-data\"><span class=\"ue-grid-item-meta-data-icon\"><i class='fas fa-calendar-week'><\/i><\/span>  March 27, 2023<\/div>                                   \n            \n          \n                        \n            \n                        \n                        \n            \n              \n          <\/div>         \n                \n         <div class=\"uc_post_content\">\u201c-Imagine\u2026 voc\u00ea tem uma mente atormentada &#8211; disse Diablo Diablo, a voz dram\u00e1tica. &#8211; Voc\u00ea barganha com a tristeza, ou luta com a dor, ou come arrog\u00e2ncia todas as manh\u00e3s com seu caf\u00e9. H\u00e1 santos...<\/div>        \n                 \n      <\/div>\n    <\/div>\n     \n       \n  \n   <\/div>\n<div class=\"uc_post_list_box\">\n    \n  \t    <div class=\"uc_post_list_image\">\n      <a href=\"https:\/\/paginadestacada.com\/index.php\/2023\/03\/27\/heres-everything-you-need-to-travel-the-world-in-3-easy-steps\/\" title=\"Resenha do livro - O Sol \u00e9 Para Todos (Harper Lee)\" target=\"_self\">\n          \n            <img loading=\"lazy\" decoding=\"async\" src=\"https:\/\/paginadestacada.com\/wp-content\/uploads\/2023\/03\/pexels-sumit-mathur-2099691-768x500.jpg\"  src=\"https:\/\/paginadestacada.com\/wp-content\/uploads\/2023\/03\/pexels-sumit-mathur-2099691-768x500.jpg\" alt=\"pexels-sumit-mathur-2099691\" width=\"768\" height=\"500\">\n        \t\n        \n      <\/a>\n    <\/div>\n  \t\t\n  \n    <div class=\"uc_post_list_content\">\n      <div class=\"uc_post_list_content_inside\">\n        \n                        \n         <div class=\"uc_post_list_title\"><a target=\"_self\" href=\"https:\/\/paginadestacada.com\/index.php\/2023\/03\/27\/heres-everything-you-need-to-travel-the-world-in-3-easy-steps\/\" title=\"Resenha do livro - O Sol \u00e9 Para Todos (Harper Lee)\">Resenha do livro - O Sol \u00e9 Para Todos (Harper Lee)<\/a><\/div>\t\n         \n        <div class=\"ue-meta-data\">\n            <div class=\"ue-grid-item-meta-data\"><span class=\"ue-grid-item-meta-data-icon\"><i class='fas fa-calendar-week'><\/i><\/span>  March 27, 2023<\/div>                                   \n            \n          \n                        \n            \n                        \n                        \n            \n              \n          <\/div>         \n                \n         <div class=\"uc_post_content\">&#8220;O SOL \u00c9 PARA TODOS&#8221; foi o primeiro livro que eu li no Kindle. Fiz um teste gr\u00e1tis da assinatura do Kindle Unlimited para ver se os t\u00edtulos oferecidos eram bons e me interessei pelo t\u00edtulo....<\/div>        \n                 \n      <\/div>\n    <\/div>\n     \n       \n  \n   <\/div>\n\n<\/div>\n\n\n  <div id=\"uc_post_list_elementor_900314f_empty_message\" class=\"ue-no-posts-found\"  style=\"display:none\" >No posts found<\/div>\n\n\n<!-- end Post List -->\t\t\t\t<\/div>\n\t\t\t\t<\/div>\n\t\t\t\t\t<\/div>\n\t\t<\/div>\n\t\t\t\t\t<\/div>\n\t\t<\/section>\n\t\t\t\t<section class=\"elementor-section elementor-top-section elementor-element elementor-element-4f7202d elementor-section-boxed elementor-section-height-default elementor-section-height-default\" data-id=\"4f7202d\" data-element_type=\"section\">\n\t\t\t\t\t\t<div class=\"elementor-container elementor-column-gap-default\">\n\t\t\t\t\t<div class=\"elementor-column elementor-col-100 elementor-top-column elementor-element elementor-element-3bf4091\" data-id=\"3bf4091\" data-element_type=\"column\">\n\t\t\t<div class=\"elementor-widget-wrap elementor-element-populated\">\n\t\t\t\t\t\t<div class=\"elementor-element elementor-element-5b3f87c elementor-widget elementor-widget-ucaddon_archive_pagination\" data-id=\"5b3f87c\" data-element_type=\"widget\" data-widget_type=\"ucaddon_archive_pagination.default\">\n\t\t\t\t<div class=\"elementor-widget-container\">\n\t\t\t\t\t\n<!-- start Post Pagination -->\n\n<style>\/* widget: Post Pagination *\/\n\n#uc_archive_pagination_elementor_5b3f87c nav\n{\n  padding:0px;\n  margin:0px;\n}\n\n#uc_archive_pagination_elementor_5b3f87c \n{\n  display:flex;\n  flex-wrap: wrap;\n  justify-content:center;\n}\n\n#uc_archive_pagination_elementor_5b3f87c .nav-links\n{\n  display:flex;\n  justify-content:center;\n}\n\n#uc_archive_pagination_elementor_5b3f87c .nav-links > *\n{\n}\n\n#uc_archive_pagination_elementor_5b3f87c .page-numbers\n{\n  display:flex;\n  \n  align-items:center;\n  justify-content:center;\n  transition:0.3s;\n  line-height:1em;\n}\n\n\n#uc_archive_pagination_elementor_5b3f87c a.page-numbers, #uc_archive_pagination_elementor_5b3f87c .dots\n{\n  color:#C76E7A;\n  background-color:;\n}\n\n#uc_archive_pagination_elementor_5b3f87c a.page-numbers:hover\n{\n  color:#EAE5D9;\n  background-color:#FAB18B;\n}\n\n#uc_archive_pagination_elementor_5b3f87c .page-numbers.current,\n#uc_archive_pagination_elementor_5b3f87c .page-numbers.current:hover\n{\n  background-color:#FAB18B;\n  color:#EAE5D9;\n}\n\n\n#uc_archive_pagination_elementor_5b3f87c .page-numbers.prev, #uc_archive_pagination_elementor_5b3f87c .page-numbers.next\n{\n  padding-left:15px;\n  padding-right:15px;\n}\n\n\n\n#uc_archive_pagination_elementor_5b3f87c .prev:before {\n   font-family: \"Font Awesome 5 Free\";\n   content: \"\\f053\";\n   display: inline-block;\n   vertical-align: middle;\n   font-weight: 900;\n   }\n\n#uc_archive_pagination_elementor_5b3f87c .next:after {\n   font-family: \"Font Awesome 5 Free\";\n   content: \"\\f054\";\n   display: inline-block;\n   vertical-align: middle;\n   font-weight: 900;\n   }\n\n#uc_archive_pagination_elementor_5b3f87c.uc-ajax-loading{\n\topacity:1 !important;\n}\n\n#uc_archive_pagination_elementor_5b3f87c.uc-ajax-loading .current{\n\tposition:relative;\n    overflow:hidden;\n}\n\n\n#uc_archive_pagination_elementor_5b3f87c.uc-ajax-loading .current:before{\n  content: \"\";\n  display:block;\n  width:100%;\n  height:100%;\n  box-sizing:border-box;\n  position:absolute;\n  top:0px;\n  left:0px;\n  background-color: #c2c2c2;\n  animation: uc-spinning-border 0.5s linear infinite;\n  opacity:50%;\n  border-radius:inherit;\n}\n\n@keyframes uc-spinning-border {\n\t0%{transform: scale(0);}\n\t100%{transform: scale(1); }\t\n}\n\n\n\n<\/style>\n\n<div id=\"uc_archive_pagination_elementor_5b3f87c\" class=\"archive_pagination uc-filter-pagination\">\n<span aria-current=\"page\" class=\"page-numbers current\">1<\/span>\n<a class=\"page-numbers\" href=\"https:\/\/paginadestacada.com\/index.php\/blog\/2\/\" data-e-disable-page-transition=\"true\">2<\/a>\n<a class=\"next page-numbers\" href=\"https:\/\/paginadestacada.com\/index.php\/blog\/2\/\" data-e-disable-page-transition=\"true\"><\/a>\n<\/div>\n<!-- end Post Pagination -->\t\t\t\t<\/div>\n\t\t\t\t<\/div>\n\t\t\t\t\t<\/div>\n\t\t<\/div>\n\t\t\t\t\t<\/div>\n\t\t<\/section>\n\t\t\t\t<\/div>\n\t\t","protected":false},"excerpt":{"rendered":"<p>postagens recentes The Ultimate Guide to Traveling When You Have No Money March 27, 2023 If you\u2019ve ever felt like the world is too big, too confusing or just downright overwhelming to tackle on your own, then this blog post is for you. I know what it feels like when it seems like there are&#8230; [&hellip;]<\/p>\n","protected":false},"author":2,"featured_media":0,"parent":0,"menu_order":0,"comment_status":"closed","ping_status":"closed","template":"","meta":{"site-sidebar-layout":"no-sidebar","site-content-layout":"page-builder","ast-site-content-layout":"default","site-content-style":"default","site-sidebar-style":"default","ast-global-header-display":"","ast-banner-title-visibility":"","ast-main-header-display":"","ast-hfb-above-header-display":"","ast-hfb-below-header-display":"","ast-hfb-mobile-header-display":"","site-post-title":"disabled","ast-breadcrumbs-content":"","ast-featured-img":"disabled","footer-sml-layout":"","theme-transparent-header-meta":"enabled","adv-header-id-meta":"","stick-header-meta":"","header-above-stick-meta":"","header-main-stick-meta":"","header-below-stick-meta":"","astra-migrate-meta-layouts":"default","ast-page-background-enabled":"default","ast-page-background-meta":{"desktop":{"background-color":"","background-image":"","background-repeat":"repeat","background-position":"center center","background-size":"auto","background-attachment":"scroll","background-type":"","background-media":"","overlay-type":"","overlay-color":"","overlay-opacity":"","overlay-gradient":""},"tablet":{"background-color":"","background-image":"","background-repeat":"repeat","background-position":"center center","background-size":"auto","background-attachment":"scroll","background-type":"","background-media":"","overlay-type":"","overlay-color":"","overlay-opacity":"","overlay-gradient":""},"mobile":{"background-color":"","background-image":"","background-repeat":"repeat","background-position":"center center","background-size":"auto","background-attachment":"scroll","background-type":"","background-media":"","overlay-type":"","overlay-color":"","overlay-opacity":"","overlay-gradient":""}},"ast-content-background-meta":{"desktop":{"background-color":"var(--ast-global-color-5)","background-image":"","background-repeat":"repeat","background-position":"center center","background-size":"auto","background-attachment":"scroll","background-type":"","background-media":"","overlay-type":"","overlay-color":"","overlay-opacity":"","overlay-gradient":""},"tablet":{"background-color":"var(--ast-global-color-5)","background-image":"","background-repeat":"repeat","background-position":"center center","background-size":"auto","background-attachment":"scroll","background-type":"","background-media":"","overlay-type":"","overlay-color":"","overlay-opacity":"","overlay-gradient":""},"mobile":{"background-color":"var(--ast-global-color-5)","background-image":"","background-repeat":"repeat","background-position":"center center","background-size":"auto","background-attachment":"scroll","background-type":"","background-media":"","overlay-type":"","overlay-color":"","overlay-opacity":"","overlay-gradient":""}},"footnotes":""},"class_list":["post-583","page","type-page","status-publish","hentry"],"_links":{"self":[{"href":"https:\/\/paginadestacada.com\/index.php\/wp-json\/wp\/v2\/pages\/583","targetHints":{"allow":["GET"]}}],"collection":[{"href":"https:\/\/paginadestacada.com\/index.php\/wp-json\/wp\/v2\/pages"}],"about":[{"href":"https:\/\/paginadestacada.com\/index.php\/wp-json\/wp\/v2\/types\/page"}],"author":[{"embeddable":true,"href":"https:\/\/paginadestacada.com\/index.php\/wp-json\/wp\/v2\/users\/2"}],"replies":[{"embeddable":true,"href":"https:\/\/paginadestacada.com\/index.php\/wp-json\/wp\/v2\/comments?post=583"}],"version-history":[{"count":30,"href":"https:\/\/paginadestacada.com\/index.php\/wp-json\/wp\/v2\/pages\/583\/revisions"}],"predecessor-version":[{"id":820,"href":"https:\/\/paginadestacada.com\/index.php\/wp-json\/wp\/v2\/pages\/583\/revisions\/820"}],"wp:attachment":[{"href":"https:\/\/paginadestacada.com\/index.php\/wp-json\/wp\/v2\/media?parent=583"}],"curies":[{"name":"wp","href":"https:\/\/api.w.org\/{rel}","templated":true}]}}